{"id":13,"date":"2018-11-05T19:01:45","date_gmt":"2018-11-05T18:01:45","guid":{"rendered":"http:\/\/aerotaxi.de\/gutscheine\/allgemeine_geschaeftsbedingungen\/"},"modified":"2021-01-01T07:17:45","modified_gmt":"2021-01-01T06:17:45","slug":"allgemeine_geschaeftsbedingungen","status":"publish","type":"page","link":"https:\/\/www.aerotaxi.de\/gutscheine\/allgemeine_geschaeftsbedingungen\/","title":{"rendered":"Allgemeine Gesch\u00e4fts- und Bef\u00f6rderungsbedingungen"},"content":{"rendered":"<p>Die AEROTAXI Website wird von der Aerotaxi Garmisch-Partenkirchen GmbH, Breitenauer Str. 4 in 82467 Garmisch-Partenkirchen (im Folgenden &#8220;AEROTAXI&#8221;) betrieben. F\u00fcr s\u00e4mtliche Angebote, Buchung\/Kauf und die weitere Nutzung der Website und ihrer Produkte und Dienstleistungen sowie Vermittlungst\u00e4tigkeiten gelten diese Allgemeinen Gesch\u00e4ftsbedingungen.<\/p>\n<p>AEROTAXI bietet \u00fcber das Internet und andere Vertriebskan\u00e4le Geschenkgutscheine an. Auf der AEROTAXI Website pr\u00e4sentiert Ihnen AEROTAXI Gleitschirmtandemfl\u00fcge von verschiedenen Startpl\u00e4tzen. Die Leistungen von AEROTAXI sind der Verkauf von diversen Gutscheinen, Geschenkboxen, Durchf\u00fchrung, sowie Vermittlung von Gleitschirmtandemfl\u00fcgen.<\/p>\n<p>Gutscheine berechtigen Sie oder die von Ihnen bestimmte Person nach vollst\u00e4ndiger Bezahlung innerhalb des G\u00fcltigkeitszeitraums zur Buchung eines Gleitschirmtandemfluges f\u00fcr eine Person (Ausnahmen sind Pakete f\u00fcr zwei, die auch als solche gekennzeichnet sind) unabh\u00e4ngig vom aktuellen Preis des Fluges. F\u00fcr zwei oder mehrere Personen m\u00fcssen dementsprechend viele Gutscheine gekauft und eingel\u00f6st werden.<\/p>\n<p>Die Einl\u00f6sefrist Ihres Gutscheins ist auf diesem aufgedruckt. Die Gutscheine sind \u00fcbertragbar und k\u00f6nnen von einer beliebigen geeigneten Person eingel\u00f6st werden. Das Ticket berechtigt die jeweils benannten Personen zur Teilnahme am Flug. Ohne Vorlage des Tickets k\u00f6nnen Sie am Flug nicht teilnehmen. Der Gutschein wird zur Teilnahme am Erlebnis nicht akzeptiert.<\/p>\n<p>AEROTAXI oder eine von AEROTAXI vermittelte Partnerfirma verpflichtet sich, die in der Anmeldung oder im Flugticket namentlich genannte Person im doppelsitzigen Gleitsegel als Passagier zu bef\u00f6rdern. Die erforderliche Flugausr\u00fcstung wird gestellt. Es gelten die nachfolgenden Vertragsbedingungen, \u00c4nderungen bed\u00fcrfen der schriftlichen Best\u00e4tigung durch AEROTAXI. Die Bedingungen erkenne ich durch Absenden meiner Anmeldung\/Bestellung und\/oder Begleichen des Rechnungsbetrages und\/oder m\u00fcndliches Erteilen eines Bef\u00f6rderungsauftrages und\/oder meine Unterschrift\/Einl\u00f6sung meines Tickets an. Der Ticket-Besteller verpflichtet sich ausdr\u00fccklich dazu, dem Ticket-Empf\u00e4nger die AGB und BB bekannt zu geben und diesen auf die mit dem Flugbetrieb verbundenen Gefahren aufmerksam zu machen.<\/p>\n<p>Der Passagier\/Besteller eines Tickets verpflichtet sich durch die Anmeldung\/Bestellung verbindlich zur Bezahlung der Fluggeb\u00fchr. Die Fluggeb\u00fchr ist ohne Abzug zahlbar. Bei Buchung eines Passagierfluges (durch Bestellung oder m\u00fcndlich) ist die Geb\u00fchr unmittelbar nach Durchf\u00fchrung des Fluges in bar zahlbar. Die Buchung wird durch Aerotaxi schriftlich, telefonisch oder per E-Mail best\u00e4tigt. Bei Bestellung eines Flugtickets wird dieses nach Zahlungseingang (vorab oder nach Begleichen der zugesandten Rechnung) unverz\u00fcglich dem Besteller zugeschickt. Bei der Nichteinhaltung von fest vereinbarten Terminen ist die gesamte Geb\u00fchr zu entrichten. Tickets verfallen 24 Monate nach Ausstellungsdatum. Bei Verlust des Tickets besteht kein Anspruch auf den Tandemflug.<\/p>\n<p>Bitte beachten Sie das gesetzlich festgelegte 14 t\u00e4gige Widerrufsrecht. Falls Sie davon Gebrauch machen, k\u00f6nnen Sie ohne Angabe der Gr\u00fcnde vom Kauf zur\u00fccktreten, dies muss allerdings schriftlich (auch per Mail) erfolgen, au\u00dferdem muss der Gutschein samt Ticket \u00a0per Einschreiben an uns zur\u00fcckgeschickt werden.<\/p>\n<p>Der Passagier verpflichtet sich, den Anweisungen des Piloten unbedingt und sofort Folge zu leisten. Dies dient seiner eigenen Sicherheit. Im Besonderen kann das Nichtbefolgen der theoretischen Einweisung und der Anweisungen w\u00e4hrend Start, Flug und Landung zu einer Gef\u00e4hrdung von Passagier und Piloten f\u00fchren. Bei Nichtbefolgen von Anweisungen des Piloten kann dieser den Passagier vom Flugbetrieb bei Aerotaxi oder der Partnerfirma ausschlie\u00dfen. Bei Zuwiderhandlung erlischt der Anspruch auf Bef\u00f6rderung ohne R\u00fcckzahlungsanspruch auf die Fluggeb\u00fchr. Bei Sch\u00e4den an Personen durch Nichtbefolgen von Anweisungen haftet der Passagier. F\u00fcr vors\u00e4tzliche oder grob fahrl\u00e4ssige Sch\u00e4den an Ausr\u00fcstung von Piloten, von AEROTAXI, Partnerfirma oder an Dritte haftet der Passagier.<\/p>\n<p>Der Termin des Fluges wird direkt mit AEROTAXI in Abh\u00e4ngigkeit von geeigneten Wetterbedingungen vereinbart. Die Art der Abstimmung wird im Einzelfall vereinbart. Wir weisen ausdr\u00fccklich darauf hin, dass trotz fest vereinbarter Termine kein Anspruch auf Bef\u00f6rderung besteht, wenn dies die Witterungsverh\u00e4ltnisse nicht zulassen. Es besteht bei Terminverschiebung oder Ausfall kein Anspruch auf Schadensersatz, R\u00fcckerstattung oder Erstattung sonstiger entstandener Aufwendungen. Der Anspruch auf Nachholung des Fluges bleibt jedoch bestehen. Das Fluggel\u00e4nde wird wetterabh\u00e4ngig durch AEROTAXI oder Partnerfirma bestimmt.<\/p>\n<p>Die Einzelheiten der Durchf\u00fchrung des Fluges bestimmt der Pilot. Es ist immer der jeweilige Pilot f\u00fcr die Durchf\u00fchrung des Fluges verantwortlich. Der Pilot ist verpflichtet, den Flug abzusagen, wenn er den Passagier f\u00fcr ungeeignet h\u00e4lt oder wenn er die \u00e4u\u00dferen Bedingungen (Wetter, Wind, Gel\u00e4nde, Material) f\u00fcr ungeeignet h\u00e4lt.<\/p>\n<p>Die durch uns vermittelten Doppelsitzerfl\u00fcge sind rein privater Natur. Der Passagier best\u00e4tigt, dass seine Teilnahme dem pers\u00f6nlichen Interesse gilt, sich mit der Sportart Gleitschirmfliegen vertraut zu machen.<\/p>\n<p>Die Anreise in das Fluggel\u00e4nde ist Sache des Passagiers. Die Kosten f\u00fcr Bergbahnfahrten und \u00e4hnliches sind beim Standardticket nicht in der Fluggeb\u00fchr enthalten. Das Inklusivticket beinhaltet eine Bergfahrt, weitere Fahrtkosten (die z. B. wetterbedingt entstehen) sind nicht im Preis enthalten.<\/p>\n<p>Der Passagier erkl\u00e4rt ausdr\u00fccklich, k\u00f6rperlich und seelisch gesund zu sein, keine Herz- oder Kreislauferkrankungen, Gleichgewichtsst\u00f6rungen, Nervenerkrankungen oder sonstige, auch chronische Erkrankungen, zu haben und sich den Belastungen des Fluges gewachsen zu f\u00fchlen. Bei Unklarheit \u00fcber seine fliegerische Tauglichkeit besteht die Verpflichtung des Passagiers, sich diese Tauglichkeit \u00e4rztlich best\u00e4tigen zu lassen. Er verpflichtet sich, den Flug abzusagen, wenn keine theoretische Einweisung erfolgt oder er diese gesamt oder in Teilen nicht verstanden hat. Er verpflichtet sich, den Flug abzusagen, wenn er unter Alkohol-, Drogen- oder Medikamenteneinfluss steht. Der Passagier verpflichtet sich, zweckentsprechende Kleidung (wetter- und windfest, geeignet f\u00fcr Verschmutzung), wenn m\u00f6glich feste Schuhe (\u00fcber die Kn\u00f6chel reichend) und rei\u00dffeste Handschuhe zu tragen. Bei Minderj\u00e4hrigen Passagieren werden die Unterschriften beider Elternteile\/des oder der gesetzlichen Vertreter\/s ben\u00f6tigt.<\/p>\n<p>Die Haftung durch AEROTAXI, Gesellschafter, Partnerfirmen und Piloten f\u00fcr Sch\u00e4den des Passagiers, die in Folge einfacher Fahrl\u00e4ssigkeit durch AEROTAXI, Gesellschafter, Partnerfirma und Piloten entstehen, ist ausgeschlossen. Der Haftungsausschluss gilt unabh\u00e4ngig von Anspruchsgrund, Schadensursache und -hergang sowie Art und H\u00f6he des Schadens. Er gilt f\u00fcr Unfallsch\u00e4den und sonstige Gesundheitssch\u00e4den, f\u00fcr Personen- und Sachsch\u00e4den, f\u00fcr materielle und immaterielle Sch\u00e4den sowie f\u00fcr Folgesch\u00e4den. Er gilt nicht, soweit eine Versicherung f\u00fcr den Schaden aufkommt, ohne bei uns, Gesellschafter und Piloten R\u00fcckgriff zu nehmen. Es gilt au\u00dferdem ausdr\u00fccklich, Haftung besteht f\u00fcr jede Art von Forderung bis zur H\u00f6he der gesetzlich vorgeschriebenen oder gesetzlich definierten Deckungssummen. Versicherungsschutz besteht im Rahmen der vorgeschriebenen Versicherungen durch den jeweiligen Piloten.<\/p>\n<p>Der Passagier handelt auf eigene Gefahr. Wir weisen ausdr\u00fccklich darauf hin, dass durch die Teilnahme am Flugbetrieb ein erh\u00f6htes Risiko f\u00fcr Gesundheit, Leben und Eigentum des Passagiers entstehen kann! Speziell beim Starten bewegen wir uns au\u00dferdem in alpinem Gel\u00e4nde, mit allen damit verbundenen Risiken und Gefahren! Es k\u00f6nnen alle mitgef\u00fchrten Gegenst\u00e4nde (z. B. Kleidung, Schmuck, Handy, Brille, Fotoapparat) besch\u00e4digt werden und unterliegen nicht der Haftung durch AEROTAXI, Partnerfirmen und Piloten.<\/p>\n<p>Sollten einzelne Bestimmungen der AGB\/BB unwirksam sein, so bleibt die Wirksamkeit in allen \u00fcbrigen Punkten unber\u00fchrt. An ihre Stelle soll eine angemessene Regelung treten, die den unwirksamen Bestimmungen am ehesten entspricht. Gerichtsstand und Erf\u00fcllungsort aller Verpflichtungen ist Garmisch-Partenkirchen. Die AGB\/BB sind g\u00fcltig seit dem 01.04.2007 und bleiben bis auf Widerruf wirksam.<\/p>\n<p>Aerotaxi, Garmisch-Partenkirchen<\/p>\n","protected":false},"excerpt":{"rendered":"<p>Die AEROTAXI Website wird von der Aerotaxi Garmisch-Partenkirchen GmbH, Breitenauer Str. 4 in 82467 Garmisch-Partenkirchen (im Folgenden &#8220;AEROTAXI&#8221;) betrieben. F\u00fcr s\u00e4mtliche Angebote, Buchung\/Kauf und die weitere Nutzung der Website und ihrer Produkte und Dienstleistungen sowie Vermittlungst\u00e4tigkeiten gelten diese Allgemeinen Gesch\u00e4ftsbedingungen. AEROTAXI bietet \u00fcber das Internet und andere Vertriebskan\u00e4le Geschenkgutscheine an. Auf der AEROTAXI Website pr\u00e4sentiert [&#8230;]<\/p>\n","protected":false},"author":1,"featured_media":0,"parent":0,"menu_order":0,"comment_status":"closed","ping_status":"closed","template":"","meta":{"footnotes":""},"class_list":["post-13","page","type-page","status-publish","hentry"],"_links":{"self":[{"href":"https:\/\/www.aerotaxi.de\/gutscheine\/wp-json\/wp\/v2\/pages\/13"}],"collection":[{"href":"https:\/\/www.aerotaxi.de\/gutscheine\/wp-json\/wp\/v2\/pages"}],"about":[{"href":"https:\/\/www.aerotaxi.de\/gutscheine\/wp-json\/wp\/v2\/types\/page"}],"author":[{"embeddable":true,"href":"https:\/\/www.aerotaxi.de\/gutscheine\/wp-json\/wp\/v2\/users\/1"}],"replies":[{"embeddable":true,"href":"https:\/\/www.aerotaxi.de\/gutscheine\/wp-json\/wp\/v2\/comments?post=13"}],"version-history":[{"count":3,"href":"https:\/\/www.aerotaxi.de\/gutscheine\/wp-json\/wp\/v2\/pages\/13\/revisions"}],"predecessor-version":[{"id":1822,"href":"https:\/\/www.aerotaxi.de\/gutscheine\/wp-json\/wp\/v2\/pages\/13\/revisions\/1822"}],"wp:attachment":[{"href":"https:\/\/www.aerotaxi.de\/gutscheine\/wp-json\/wp\/v2\/media?parent=13"}],"curies":[{"name":"wp","href":"https:\/\/api.w.org\/{rel}","templated":true}]}}