{"id":435,"date":"2018-11-15T19:38:19","date_gmt":"2018-11-15T18:38:19","guid":{"rendered":"https:\/\/www.aerotaxi.de\/gutscheine\/?post_type=product&#038;p=435"},"modified":"2025-01-29T14:47:28","modified_gmt":"2025-01-29T13:47:28","slug":"wertgutschein","status":"publish","type":"product","link":"https:\/\/www.aerotaxi.de\/gutscheine\/produkt\/wertgutschein\/","title":{"rendered":"Wertgutschein"},"content":{"rendered":"<ul>\n<li>PDF-Gutschein:\u00a0Versand erfolgt 10 Minuten nach Zahlungseingang (Paypal, KK)<\/li>\n<li>Flugticket: Versand per Post<\/li>\n<li>G\u00fcltigkeit: 2 Jahre<\/li>\n<li>Upgrade jederzeit (auch w\u00e4hrend des Fluges) m\u00f6glich<\/li>\n<li>Gutschein ist \u00fcbertragbar<\/li>\n<li>Aufgrund zahlreicher Piloten sind kurzfristige Terminabsprachen m\u00f6glich<\/li>\n<li>Gutschein ist nur mit Flugticket g\u00fcltig<\/li>\n<li>Gewicht des Fluggastes 25 &#8211; 100kg m\u00f6glich<\/li>\n<li>Flugg\u00e4ste mit Handicap bis 72kg m\u00f6glich<\/li>\n<\/ul>\n","protected":false},"excerpt":{"rendered":"<p>Wertgutschein f\u00fcr einen Gleitschirmtandemflug<br \/>\nEinl\u00f6sbar f\u00fcr alle unsere Fl\u00fcge<\/p>\n","protected":false},"featured_media":4312,"template":"","meta":[],"product_cat":[15],"product_tag":[],"class_list":{"0":"post-435","1":"product","2":"type-product","3":"status-publish","4":"has-post-thumbnail","6":"product_cat-gutscheine","8":"first","9":"instock","10":"taxable","11":"shipping-taxable","12":"purchasable","13":"product-type-variable"},"_links":{"self":[{"href":"https:\/\/www.aerotaxi.de\/gutscheine\/wp-json\/wp\/v2\/product\/435"}],"collection":[{"href":"https:\/\/www.aerotaxi.de\/gutscheine\/wp-json\/wp\/v2\/product"}],"about":[{"href":"https:\/\/www.aerotaxi.de\/gutscheine\/wp-json\/wp\/v2\/types\/product"}],"wp:featuredmedia":[{"embeddable":true,"href":"https:\/\/www.aerotaxi.de\/gutscheine\/wp-json\/wp\/v2\/media\/4312"}],"wp:attachment":[{"href":"https:\/\/www.aerotaxi.de\/gutscheine\/wp-json\/wp\/v2\/media?parent=435"}],"wp:term":[{"taxonomy":"product_cat","embeddable":true,"href":"https:\/\/www.aerotaxi.de\/gutscheine\/wp-json\/wp\/v2\/product_cat?post=435"},{"taxonomy":"product_tag","embeddable":true,"href":"https:\/\/www.aerotaxi.de\/gutscheine\/wp-json\/wp\/v2\/product_tag?post=435"}],"curies":[{"name":"wp","href":"https:\/\/api.w.org\/{rel}","templated":true}]}}